{"id":279,"date":"2025-01-13T02:40:13","date_gmt":"2025-01-13T02:40:13","guid":{"rendered":"https:\/\/demo2.artesan.io\/71412_su-1736734442\/servicios\/"},"modified":"2026-01-22T08:08:36","modified_gmt":"2026-01-22T08:08:36","slug":"servicios","status":"publish","type":"page","link":"https:\/\/demo2.artesan.io\/71412_su-1736734442\/servicios\/","title":{"rendered":"Servicios"},"content":{"rendered":"<section class=\"header_curvy1_30_1 background-1-light\" id=\"\" data-block-id=\"69d119421ad1769d119421ad18\">\r\n    <div class=\"container\">\r\n        <div class=\"row\">\r\n            <div class=\"col\">\r\n                                <div class=\"subtitulo tamano6-boldcta color-1-headings-dark\">Tu espacio verde ideal hecho arte<\/div>\r\n                                <h1 class=\"tamano1 color-1-headings-dark\">\u00a1Verdea!<\/h1>\r\n            <\/div>\r\n        <\/div>\r\n    <\/div>\r\n<\/section>\r\n<style>\r\n    .header_curvy1_30_1 .col .subtitulo {\r\n        text-align: center;\r\n        padding-bottom: 25px;\r\n    }\r\n\r\n    .header_curvy1_30_1 .col h1 {\r\n        text-align: center;\r\n    }\r\n\r\n    .header_curvy1_30_1 .col {\r\n        max-width: 1230px;\r\n        margin: 0 auto;\r\n    }\r\n\r\n    .header_curvy1_30_1 {\r\n        padding: 200px 0 55px 0;\r\n    }\r\n\r\n    @media (max-width:1200px) {\r\n        .header_curvy1_30_1 {\r\n            padding: 120px 0 35px 0;\r\n        }\r\n    }\r\n\r\n    @media (max-width:768px) {\r\n        .header_curvy1_30_1 h1 {\r\n            line-height: var(--tamano3-line-height);\r\n        }\r\n\r\n        .header_curvy1_30_1 {\r\n            padding: 100px 0 40px;\r\n        }\r\n    }\r\n<\/style>\r\n\n\n<section class=\"bloques_child_curvy1_2_1_3 background-1-light\"     original-block-id=\"block_73a2f72f062c668d247a8c92344337fd\" data-block-id=\"69d119421b5e469d119421b5e5\">\r\n        <div class=\"subbloque_child_curvy1_2_1_3 \">\r\n        <div class=\"container\">\r\n            <div class=\"row\">\r\n                <div class=\"col col-imagen\">\r\n                                        <img decoding=\"async\" src=\"https:\/\/demo2.artesan.io\/71412_su-1736734442\/wp-content\/uploads\/2025\/12\/IMG_20250424_094258-scaled.jpg\"\r\n                        alt=\"\"\r\n                        title=\"IMG_20250424_094258\">\r\n                                    <\/div>\r\n                <div class=\"col col-texto\">\r\n\r\n                                        <h3 class=\"tamano3 color-1-headings-dark\">Construcci\u00f3n y reformas<\/h3>\r\n                    \r\n                    <!-- text paragraphs -->\r\n                                        <div class=\"texto tamano7 color-1-body-dark\" data-desactivar-leer-mas=\"0\">\r\n                        <span class=\"texto-corto\"><\/span>\r\n                        <span class=\"texto-completo\" style=\"display: none;\"><div class=\"meta\">\n<div class=\"texto tamano7 color-1-body-dark\">\n<p>En Plantala, transformamos tus espacios exteriores en aut\u00e9nticos para\u00edsos verdes, fusionando est\u00e9tica y funcionalidad. Nos apasiona el paisajismo y con un toque divertido convertimos cada jard\u00edn en un lugar m\u00e1gico donde la naturaleza es la protagonista. Atr\u00e9vete a darle vida a tus exteriores con nuestro talento en jardiner\u00eda y construcci\u00f3n.<\/p>\n<\/div>\n<\/div><\/span>\r\n                    <\/div>\r\n                    <div class=\"vermas tamano7 boton-4-texto-normal\">\r\n                        <span class=\"mas tamano7 boton-4-texto-normal\">Leer m\u00e1s<\/span>\r\n                        <span class=\"menos hide tamano7 boton-4-texto-normal\">Leer menos<\/span>\r\n                        <svg class=\"icon-arrow\" width=\"13\" height=\"8\" viewBox=\"0 0 13 8\" fill=\"none\"\r\n                            xmlns=\"http:\/\/www.w3.org\/2000\/svg\">\r\n                            <path id=\"Vector 14\" d=\"M1 1L6.5 6.5L12 1\" stroke=\"#2B275C\" stroke-width=\"1.5\" \/>\r\n                        <\/svg>\r\n                    <\/div>\r\n                    \r\n                                        <a class=\"btn-round tamano-7-mediumcta color-boton-2-texto-normal color-boton-2-texto-hover color-boton-2-normal color-boton-2-hover\"\r\n                        href=\"https:\/\/demo2.artesan.io\/71412_su-1736734442\/contacto-para-construccin-y-reformas\/\" target=\"\">Solicitar presupuesto<\/a>\r\n                    \r\n                <\/div>\r\n            <\/div>\r\n        <\/div>\r\n    <\/div>\r\n    <\/div>\r\n        <div class=\"subbloque_child_curvy1_2_1_3 \">\r\n        <div class=\"container\">\r\n            <div class=\"row\">\r\n                <div class=\"col col-imagen\">\r\n                                        <img decoding=\"async\" src=\"https:\/\/demo2.artesan.io\/71412_su-1736734442\/wp-content\/uploads\/2025\/12\/IMG_20250412_125348-scaled.jpg\"\r\n                        alt=\"\"\r\n                        title=\"IMG_20250412_125348\">\r\n                                    <\/div>\r\n                <div class=\"col col-texto\">\r\n\r\n                                        <h3 class=\"tamano3 color-1-headings-dark\">Paisajismo<\/h3>\r\n                    \r\n                    <!-- text paragraphs -->\r\n                                        <div class=\"texto tamano7 color-1-body-dark\" data-desactivar-leer-mas=\"0\">\r\n                        <span class=\"texto-corto\"><\/span>\r\n                        <span class=\"texto-completo\" style=\"display: none;\"><div class=\"meta\">\n<div class=\"texto tamano7 color-1-body-dark\">\n<p>Plantala transforma tus exteriores con creatividad y profesionalismo. Somos expertos en jardiner\u00eda y paisajismo, fusionando est\u00e9tica y funcionalidad para crear espacios naturales \u00fanicos. Descubre c\u00f3mo convertir tu jard\u00edn en un oasis armonioso y sostenible en manos de nuestros apasionados \u2018plant\u00f3logos\u2019. Atr\u00e9vete a so\u00f1ar en verde con Plantala.<\/p>\n<\/div>\n<\/div><\/span>\r\n                    <\/div>\r\n                    <div class=\"vermas tamano7 boton-4-texto-normal\">\r\n                        <span class=\"mas tamano7 boton-4-texto-normal\">Leer m\u00e1s<\/span>\r\n                        <span class=\"menos hide tamano7 boton-4-texto-normal\">Leer menos<\/span>\r\n                        <svg class=\"icon-arrow\" width=\"13\" height=\"8\" viewBox=\"0 0 13 8\" fill=\"none\"\r\n                            xmlns=\"http:\/\/www.w3.org\/2000\/svg\">\r\n                            <path id=\"Vector 14\" d=\"M1 1L6.5 6.5L12 1\" stroke=\"#2B275C\" stroke-width=\"1.5\" \/>\r\n                        <\/svg>\r\n                    <\/div>\r\n                    \r\n                                        <a class=\"btn-round tamano-7-mediumcta color-boton-2-texto-normal color-boton-2-texto-hover color-boton-2-normal color-boton-2-hover\"\r\n                        href=\"https:\/\/demo2.artesan.io\/71412_su-1736734442\/contacto-de-paisajismo\/\" target=\"\">Valorar mi jard\u00edn<\/a>\r\n                    \r\n                <\/div>\r\n            <\/div>\r\n        <\/div>\r\n    <\/div>\r\n    <\/div>\r\n        <div class=\"subbloque_child_curvy1_2_1_3 \">\r\n        <div class=\"container\">\r\n            <div class=\"row\">\r\n                <div class=\"col col-imagen\">\r\n                                        <img decoding=\"async\" src=\"https:\/\/demo2.artesan.io\/71412_su-1736734442\/wp-content\/uploads\/2025\/12\/IMG_20250412_091951-scaled.jpg\"\r\n                        alt=\"\"\r\n                        title=\"IMG_20250412_091951\">\r\n                                    <\/div>\r\n                <div class=\"col col-texto\">\r\n\r\n                                        <h3 class=\"tamano3 color-1-headings-dark\">Rehabilitaci\u00f3n e Inversi\u00f3n<\/h3>\r\n                    \r\n                    <!-- text paragraphs -->\r\n                                        <div class=\"texto tamano7 color-1-body-dark\" data-desactivar-leer-mas=\"0\">\r\n                        <span class=\"texto-corto\"><\/span>\r\n                        <span class=\"texto-completo\" style=\"display: none;\"><div class=\"meta\">\n<div class=\"texto tamano7 color-1-body-dark\">\n<p>En Plantala, llevamos el arte de la jardiner\u00eda a otro nivel. Nos especializamos en paisajismo, transformando tus espacios exteriores en oasis de belleza y funcionalidad. Conf\u00eda en nosotros para crear ambientes que combinan est\u00e9tica y naturaleza, asegurando que cada rinc\u00f3n cuente su propia historia verde. \u00a1Haz crecer tus sue\u00f1os con Plantala!<\/p>\n<\/div>\n<\/div><\/span>\r\n                    <\/div>\r\n                    <div class=\"vermas tamano7 boton-4-texto-normal\">\r\n                        <span class=\"mas tamano7 boton-4-texto-normal\">Leer m\u00e1s<\/span>\r\n                        <span class=\"menos hide tamano7 boton-4-texto-normal\">Leer menos<\/span>\r\n                        <svg class=\"icon-arrow\" width=\"13\" height=\"8\" viewBox=\"0 0 13 8\" fill=\"none\"\r\n                            xmlns=\"http:\/\/www.w3.org\/2000\/svg\">\r\n                            <path id=\"Vector 14\" d=\"M1 1L6.5 6.5L12 1\" stroke=\"#2B275C\" stroke-width=\"1.5\" \/>\r\n                        <\/svg>\r\n                    <\/div>\r\n                    \r\n                                        <a class=\"btn-round tamano-7-mediumcta color-boton-2-texto-normal color-boton-2-texto-hover color-boton-2-normal color-boton-2-hover\"\r\n                        href=\"https:\/\/demo2.artesan.io\/71412_su-1736734442\/contacto-de-rehabilitacin-e-inversin\/\" target=\"\">Hablemos de tu activo<\/a>\r\n                    \r\n                <\/div>\r\n            <\/div>\r\n        <\/div>\r\n    <\/div>\r\n    <\/div>\r\n    <\/section>\r\n<style>\r\n    .bloques_child_curvy1_2_1_3 .subbloque_child_curvy1_2_1_3 .texto *:not(:last-child) {\r\n        padding-bottom: 20px;\r\n    }\r\n\r\n    .bloques_child_curvy1_2_1_3 .subbloque_child_curvy1_2_1_3 .texto {\r\n        padding-bottom: 35px;\r\n    }\r\n\r\n    .bloques_child_curvy1_2_1_3 .vermas svg path {\r\n        stroke: var(--boton-4-texto-normal);\r\n    }\r\n\r\n    .bloques_child_curvy1_2_1_3 .vermas .hide {\r\n        display: none;\r\n    }\r\n\r\n    .bloques_child_curvy1_2_1_3 .vermas.show svg {\r\n        transform: rotate(180deg);\r\n    }\r\n\r\n    .bloques_child_curvy1_2_1_3 .vermas {\r\n        display: flex;\r\n        align-items: center;\r\n        gap: 10px;\r\n        cursor: pointer;\r\n        margin-bottom: 20px;\r\n    }\r\n\r\n    .bloques_child_curvy1_2_1_3 .subbloque_child_curvy1_2_1_3 h3 {\r\n        padding-bottom: 25px;\r\n    }\r\n\r\n    .bloques_child_curvy1_2_1_3 .subbloque_child_curvy1_2_1_3 .row .col-texto {\r\n        width: 33.33%;\r\n    }\r\n\r\n    .bloques_child_curvy1_2_1_3 .subbloque_child_curvy1_2_1_3 .row .col-imagen img {\r\n        border-radius: 30px;\r\n    }\r\n\r\n     .bloques_child_curvy1_2_1_3 .subbloque_child_curvy1_2_1_3 .row .col-imagen .video {\r\n        width: 100%;\r\n        height: 100%;\r\n        overflow: hidden;\r\n        border-radius: 30px;\r\n    }\r\n\r\n     .bloques_child_curvy1_2_1_3 .subbloque_child_curvy1_2_1_3 .row .col-imagen .video iframe {\r\n        width: 100%;\r\n        height: 100%;\r\n        border: none;\r\n        min-height: 600px;\r\n    }\r\n\r\n     .bloques_child_curvy1_2_1_3 .subbloque_child_curvy1_2_1_3 .row .col-imagen {\r\n        width: 50%;\r\n    }\r\n\r\n    .bloques_child_curvy1_2_1_3 .subbloque_child_curvy1_2_1_3:nth-child(even) .row {\r\n        flex-direction: row-reverse;\r\n    }\r\n\r\n    .bloques_child_curvy1_2_1_3 .subbloque_child_curvy1_2_1_3:nth-child(2) {\r\n        background-color: var(--background-2-light);\r\n    }\r\n\r\n    .bloques_child_curvy1_2_1_3 .subbloque_child_curvy1_2_1_3 .row {\r\n        display: flex;\r\n        align-items: center;\r\n        gap: 8.33%;\r\n    }\r\n\r\n    .iconos_child_curvy1_2_1_3,\r\n    .bloques_child_curvy1_2_1_3 .subbloque_child_curvy1_2_1_3 {\r\n        padding: 80px 0;\r\n    }\r\n\r\n    .subbloque_child_curvy1_2_1_3 .btn-round {\r\n        border-radius: 60px;\r\n        padding: 12px 25px;\r\n        display: inline-block;\r\n        min-width: 175px;\r\n        text-align: center;\r\n        text-decoration: none;\r\n    }\r\n\r\n     .iconos_child_curvy1_2_1_3 .col-titulo h3 {\r\n        text-align: center;\r\n    }\r\n\r\n    .iconos_child_curvy1_2_1_3 .col-iconos .icono-item img {\r\n        max-width: 112px;\r\n        margin: 0 auto;\r\n    }\r\n\r\n    .iconos_child_curvy1_2_1_3 .col-iconos .icono-item .titulo {\r\n        text-align: center;\r\n    }\r\n\r\n    .iconos_child_curvy1_2_1_3 .col-iconos .icono-item {\r\n        display: flex;\r\n        flex-direction: column;\r\n        gap: 35px;\r\n        justify-content: center;\r\n        align-items: center;\r\n        width: calc(20% - 24px);\r\n    }\r\n\r\n    .iconos_child_curvy1_2_1_3 .col-iconos .icono-item .icono {\r\n        width: 60px;\r\n    }\r\n\r\n    .iconos_child_curvy1_2_1_3 .col-iconos {\r\n        display: flex;\r\n        align-items: flex-start;\r\n        flex-wrap: wrap;\r\n        gap: 30px;\r\n        justify-content: center;\r\n    }\r\n\r\n    .iconos_child_curvy1_2_1_3 .col-titulo {\r\n        padding-bottom: 80px;\r\n    }\r\n\r\n    @media (max-width:1550px) {\r\n        .bloques_child_curvy1_2_1_3 .subbloque_child_curvy1_2_1_3 .row {\r\n            gap: 75px;\r\n        }\r\n\r\n    }\r\n\r\n    @media (max-width:1350px) {\r\n        .bloques_child_curvy1_2_1_3 .subbloque_child_curvy1_2_1_3 .row .col-texto {\r\n            width: 50%;\r\n        }\r\n\r\n        .bloques_child_curvy1_2_1_3 .subbloque_child_curvy1_2_1_3 .row .col-imagen .video iframe {\r\n            min-height: 450px;\r\n        }\r\n    }\r\n\r\n    @media (max-width:1250px) {\r\n        .bloques_child_curvy1_2_1_3 .subbloque_child_curvy1_2_1_3 .row {\r\n            gap: 0;\r\n        }\r\n    }\r\n\r\n    @media (max-width:992px) {\r\n        .iconos_child_curvy1_2_1_3 .col-iconos .icono-item {\r\n            width: calc(50% - 15px);\r\n        }\r\n\r\n        .bloques_child_curvy1_2_1_3 .subbloque_child_curvy1_2_1_3 .row .col-imagen .video iframe {\r\n            min-height: 370px;\r\n        }\r\n\r\n        .bloques_child_curvy1_2_1_3 .subbloque_child_curvy1_2_1_3 .row>.col {\r\n            width: 100%;\r\n        }\r\n\r\n        .bloques_child_curvy1_2_1_3 .subbloque_child_curvy1_2_1_3:nth-child(even) .row,\r\n        .bloques_child_curvy1_2_1_3 .subbloque_child_curvy1_2_1_3 .row {\r\n            flex-direction: column;\r\n            gap: 30px;\r\n        }\r\n\r\n        .iconos_child_curvy1_2_1_3,\r\n        .bloques_child_curvy1_2_1_3 .subbloque_child_curvy1_2_1_3 {\r\n            padding: 40px 0;\r\n        }\r\n\r\n        .bloques_child_curvy1_2_1_3 .vermas span {\r\n            font-weight: var(--tamano4-font-weight);\r\n        }\r\n\r\n        .bloques_child_curvy1_2_1_3 .subbloque_child_curvy1_2_1_3 .texto {\r\n            padding-bottom: 0;\r\n        }\r\n\r\n        .bloques_child_curvy1_2_1_3 .vermas {\r\n            display: flex;\r\n            align-items: center;\r\n            gap: 10px;\r\n            cursor: pointer;\r\n            padding-top: 15px;\r\n        }\r\n\r\n\r\n        \/* .bloques_child_curvy1_2_1_3 .vermas {\r\n            padding-bottom: 35px;\r\n        } *\/\r\n\r\n        .iconos_child_curvy1_2_1_3 .col-titulo {\r\n            padding-bottom: 35px;\r\n        }\r\n    }\r\n\r\n    @media (max-width:768px) {\r\n        .bloques_child_curvy1_2_1_3 .subbloque_child_curvy1_2_1_3 .row .col-imagen .video iframe {\r\n            min-height: 310px;\r\n        }\r\n    }\r\n\r\n    @media (max-width:420px) {\r\n        .iconos_child_curvy1_2_1_3 .col-iconos .icono-item {\r\n            width: 100%;\r\n        }\r\n    }\r\n<\/style>\r\n<script>\r\n    jQuery(document).ready(function($) {\r\n        const $instance = $('.bloques_child_curvy1_2_1_3[original-block-id=\"block_73a2f72f062c668d247a8c92344337fd\"]');\r\n\r\n        if (!$instance.length) return;\r\n\r\n        const CONFIG_SCC1213 = {\r\n            limites: {\r\n                mobile: 300,\r\n                desktop: 600\r\n            },\r\n            breakpoint: 992\r\n        };\r\n\r\n        function truncarTextoEnUltimaPalabraSCC1213(texto, limite) {\r\n            if (texto.length <= limite) return texto;\r\n            const cortado = texto.substring(0, limite);\r\n            const ultimoEspacio = cortado.lastIndexOf(' ');\r\n            return (ultimoEspacio > limite * 0.8 ? cortado.substring(0, ultimoEspacio) : cortado) + '...';\r\n        }\r\n\r\n        function truncarHTMLSCC1213(html, limite) {\r\n            const $temp = $('<div>').html(html);\r\n            let chars = 0,\r\n                resultado = '';\r\n\r\n            function procesarNodoSCC1213(nodo) {\r\n                if (chars >= limite) return false;\r\n\r\n                if (nodo.nodeType === 3) {\r\n                    const texto = nodo.textContent || '';\r\n                    if (chars + texto.length <= limite) {\r\n                        resultado += texto;\r\n                        chars += texto.length;\r\n                    } else {\r\n                        resultado += truncarTextoEnUltimaPalabraSCC1213(texto, limite - chars);\r\n                        chars = limite;\r\n                        return false;\r\n                    }\r\n                } else if (nodo.nodeType === 1) {\r\n                    const $elem = $(nodo);\r\n                    const tag = nodo.tagName.toLowerCase();\r\n                    const textoElem = $elem.text();\r\n\r\n                    if (chars + textoElem.length <= limite) {\r\n                        resultado += $('<div>').append($elem.clone()).html();\r\n                        chars += textoElem.length;\r\n                    } else {\r\n                        const attrs = Array.from(nodo.attributes).map(a =>\r\n                            a.name + '=\"' + (a.value || '').replace(\/\"\/g, '&quot;') + '\"'\r\n                        ).join(' ');\r\n                        resultado += '<' + tag + (attrs ? ' ' + attrs : '') + '>';\r\n\r\n                        $elem.contents().each(function() {\r\n                            return procesarNodoSCC1213(this);\r\n                        });\r\n\r\n                        resultado += '<\/' + tag + '>';\r\n                        return false;\r\n                    }\r\n                }\r\n                return true;\r\n            }\r\n\r\n            $temp.contents().each(function() {\r\n                return procesarNodoSCC1213(this);\r\n            });\r\n\r\n            return resultado || truncarTextoEnUltimaPalabraSCC1213($temp.text(), limite);\r\n        }\r\n\r\n        function aplicarTruncadoSCC1213() {\r\n            $instance.find('.texto-completo').each(function() {\r\n                const $completo = $(this);\r\n                if ($completo.is(':visible')) return;\r\n\r\n                const $texto = $completo.closest('.texto');\r\n                const $corto = $completo.siblings('.texto-corto');\r\n                const $vermas = $completo.closest('.subbloque_child_curvy1_2_1_3').find('.vermas');\r\n\r\n                if (!$corto.length) return;\r\n\r\n                const html = $completo.html() || '';\r\n                const textoPlano = $completo.text() || '';\r\n                const esMobile = $(window).width() <= CONFIG_SCC1213.breakpoint;\r\n                const limite = esMobile ? CONFIG_SCC1213.limites.mobile : CONFIG_SCC1213.limites\r\n                    .desktop;\r\n                const desactivado = $texto.attr('data-desactivar-leer-mas') === '1';\r\n\r\n                if (desactivado) {\r\n                    if (!esMobile) {\r\n                        $corto.html(html).show();\r\n                        $vermas.hide();\r\n                        return;\r\n                    }\r\n                }\r\n\r\n                if (textoPlano.length > limite) {\r\n                    $corto.html(truncarHTMLSCC1213(html, limite)).show();\r\n                    $vermas.css('display', 'flex');\r\n                } else {\r\n                    $corto.html(html).show();\r\n                    $vermas.hide();\r\n                }\r\n            });\r\n        }\r\n\r\n        aplicarTruncadoSCC1213();\r\n        $(window).on('resize', aplicarTruncadoSCC1213);\r\n\r\n        $instance.on('click', '.vermas', function() {\r\n            const $btn = $(this);\r\n            const $texto = $btn.closest('.subbloque_child_curvy1_2_1_3').find('.texto');\r\n            const $corto = $texto.find('.texto-corto');\r\n            const $completo = $texto.find('.texto-completo');\r\n\r\n            if ($corto.is(':visible')) {\r\n                $corto.hide();\r\n                $completo.show();\r\n                $btn.addClass('show');\r\n            } else {\r\n                $completo.hide();\r\n                aplicarTruncadoSCC1213();\r\n                $btn.removeClass('show');\r\n            }\r\n\r\n            $btn.find('span').toggleClass('hide');\r\n        });\r\n    });\r\n<\/script>\r\n","protected":false},"excerpt":{"rendered":"","protected":false},"author":1,"featured_media":0,"parent":0,"menu_order":0,"comment_status":"closed","ping_status":"closed","template":"","meta":{"_acf_changed":false,"iawp_total_views":27,"footnotes":""},"class_list":["post-279","page","type-page","status-publish","hentry"],"acf":[],"yoast_head":"<!-- This site is optimized with the Yoast SEO plugin v27.3 - https:\/\/yoast.com\/product\/yoast-seo-wordpress\/ -->\n<title>Servicios - Diversa corporativa<\/title>\n<meta name=\"robots\" content=\"noindex, follow, max-snippet:-1, max-image-preview:large, max-video-preview:-1\" \/>\n<meta property=\"og:locale\" content=\"es_ES\" \/>\n<meta property=\"og:type\" content=\"article\" \/>\n<meta property=\"og:title\" content=\"Servicios - Diversa corporativa\" \/>\n<meta property=\"og:url\" content=\"https:\/\/demo2.artesan.io\/71412_su-1736734442\/servicios\/\" \/>\n<meta property=\"og:site_name\" content=\"Diversa corporativa\" \/>\n<meta property=\"article:modified_time\" content=\"2026-01-22T08:08:36+00:00\" \/>\n<meta name=\"twitter:card\" content=\"summary_large_image\" \/>\n<!-- \/ Yoast SEO plugin. -->","yoast_head_json":{"title":"Servicios - Diversa corporativa","robots":{"index":"noindex","follow":"follow","max-snippet":"max-snippet:-1","max-image-preview":"max-image-preview:large","max-video-preview":"max-video-preview:-1"},"og_locale":"es_ES","og_type":"article","og_title":"Servicios - Diversa corporativa","og_url":"https:\/\/demo2.artesan.io\/71412_su-1736734442\/servicios\/","og_site_name":"Diversa corporativa","article_modified_time":"2026-01-22T08:08:36+00:00","twitter_card":"summary_large_image","schema":{"@context":"https:\/\/schema.org","@graph":[{"@type":"WebPage","@id":"https:\/\/demo2.artesan.io\/71412_su-1736734442\/servicios\/","url":"https:\/\/demo2.artesan.io\/71412_su-1736734442\/servicios\/","name":"Servicios - Diversa corporativa","isPartOf":{"@id":"https:\/\/demo2.artesan.io\/71412_su-1736734442\/#website"},"datePublished":"2025-01-13T02:40:13+00:00","dateModified":"2026-01-22T08:08:36+00:00","breadcrumb":{"@id":"https:\/\/demo2.artesan.io\/71412_su-1736734442\/servicios\/#breadcrumb"},"inLanguage":"es","potentialAction":[{"@type":"ReadAction","target":["https:\/\/demo2.artesan.io\/71412_su-1736734442\/servicios\/"]}]},{"@type":"BreadcrumbList","@id":"https:\/\/demo2.artesan.io\/71412_su-1736734442\/servicios\/#breadcrumb","itemListElement":[{"@type":"ListItem","position":1,"name":"Portada","item":"https:\/\/demo2.artesan.io\/71412_su-1736734442\/"},{"@type":"ListItem","position":2,"name":"Servicios"}]},{"@type":"WebSite","@id":"https:\/\/demo2.artesan.io\/71412_su-1736734442\/#website","url":"https:\/\/demo2.artesan.io\/71412_su-1736734442\/","name":"Diversa corporativa","description":"Diversidad de soluciones a cualquier necesidad","publisher":{"@id":"https:\/\/demo2.artesan.io\/71412_su-1736734442\/#organization"},"potentialAction":[{"@type":"SearchAction","target":{"@type":"EntryPoint","urlTemplate":"https:\/\/demo2.artesan.io\/71412_su-1736734442\/?s={search_term_string}"},"query-input":{"@type":"PropertyValueSpecification","valueRequired":true,"valueName":"search_term_string"}}],"inLanguage":"es"},{"@type":"Organization","@id":"https:\/\/demo2.artesan.io\/71412_su-1736734442\/#organization","name":"Diversa corporativa","url":"https:\/\/demo2.artesan.io\/71412_su-1736734442\/","logo":{"@type":"ImageObject","inLanguage":"es","@id":"https:\/\/demo2.artesan.io\/71412_su-1736734442\/#\/schema\/logo\/image\/","url":"https:\/\/demo2.artesan.io\/71412_su-1736734442\/wp-content\/uploads\/2025\/01\/6784758bb2eef_LOGO-e1736777936301.png","contentUrl":"https:\/\/demo2.artesan.io\/71412_su-1736734442\/wp-content\/uploads\/2025\/01\/6784758bb2eef_LOGO-e1736777936301.png","width":1902,"height":1905,"caption":"Diversa corporativa"},"image":{"@id":"https:\/\/demo2.artesan.io\/71412_su-1736734442\/#\/schema\/logo\/image\/"}}]}},"_links":{"self":[{"href":"https:\/\/demo2.artesan.io\/71412_su-1736734442\/wp-json\/wp\/v2\/pages\/279","targetHints":{"allow":["GET"]}}],"collection":[{"href":"https:\/\/demo2.artesan.io\/71412_su-1736734442\/wp-json\/wp\/v2\/pages"}],"about":[{"href":"https:\/\/demo2.artesan.io\/71412_su-1736734442\/wp-json\/wp\/v2\/types\/page"}],"author":[{"embeddable":true,"href":"https:\/\/demo2.artesan.io\/71412_su-1736734442\/wp-json\/wp\/v2\/users\/1"}],"replies":[{"embeddable":true,"href":"https:\/\/demo2.artesan.io\/71412_su-1736734442\/wp-json\/wp\/v2\/comments?post=279"}],"version-history":[{"count":9,"href":"https:\/\/demo2.artesan.io\/71412_su-1736734442\/wp-json\/wp\/v2\/pages\/279\/revisions"}],"predecessor-version":[{"id":660,"href":"https:\/\/demo2.artesan.io\/71412_su-1736734442\/wp-json\/wp\/v2\/pages\/279\/revisions\/660"}],"wp:attachment":[{"href":"https:\/\/demo2.artesan.io\/71412_su-1736734442\/wp-json\/wp\/v2\/media?parent=279"}],"curies":[{"name":"wp","href":"https:\/\/api.w.org\/{rel}","templated":true}]}}